{"id":5547,"date":"2023-02-04T18:00:24","date_gmt":"2023-02-04T15:00:24","guid":{"rendered":"https:\/\/arset.com.tr\/iletisim\/"},"modified":"2025-09-11T14:41:39","modified_gmt":"2025-09-11T11:41:39","slug":"contact","status":"publish","type":"page","link":"https:\/\/arset.com.tr\/en\/contact\/","title":{"rendered":"Contact"},"content":{"rendered":"<p>[vc_row full_width=&#8221;stretch_row&#8221; gap=&#8221;0&#8243; css=&#8221;.vc_custom_1614778244718{padding-top: 60px !important;}&#8221;][vc_column]<div class=\"ld-gmap-container ld_google_map_69d0a0073406e\" id=\"ld_google_map_69d0a0073406e\" style=\"height: 690px\">\n\n\t<div class=\"ld-gmap\" data-plugin-map=\"true\" data-plugin-options='{\"style\":\"unsaturatedBrowns\",\"address\":\"Osmangazi, 3140. Sk. No:8, 34522 Esenyurt\\\/\\u0130stanbul\",\"marker\":\"https:\\\/\\\/arset.com.tr\\\/wp-content\\\/plugins\\\/hub-core\\\/assets\\\/img\\\/markers\\\/map-pin.svg\",\"markers\":null,\"map\":{\"zoom\":14,\"mapTypeId\":\"roadmap\",\"fullscreenControl\":true},\"marker_style\":\"html\"}'><\/div>\n\n<\/div>[\/vc_column][\/vc_row][vc_row][vc_column enable_column_shadowbox=&#8221;yes&#8221; enable_content_animation=&#8221;yes&#8221; ca_init_scale_x=&#8221;1&#8243; ca_init_scale_y=&#8221;1&#8243; ca_init_opacity=&#8221;0&#8243; ca_an_scale_x=&#8221;1&#8243; ca_an_scale_y=&#8221;1&#8243; ca_an_opacity=&#8221;1&#8243; column_top_onmobile=&#8221;yes&#8221; responsive_css=&#8221;margin_top_medium:-550px|padding_right_small:45px|padding_left_small:45px&#8221; css=&#8221;.vc_custom_1606394900060{margin-top: 35px !important;padding-top: 45px !important;padding-right: 30px !important;padding-bottom: 45px !important;padding-left: 30px !important;background-color: #ffffff !important;border-radius: 10px !important;}&#8221; offset=&#8221;vc_col-lg-offset-7 vc_col-lg-5 vc_col-md-offset-6 vc_col-md-6&#8243; column_box_shadow=&#8221;%5B%7B%22x_offset%22%3A%2220px%22%2C%22y_offset%22%3A%2240px%22%2C%22blur_radius%22%3A%2260px%22%2C%22shadow_color%22%3A%22rgba(0%2C%200%2C%200%2C%200.1)%22%7D%5D&#8221; ca_duration=&#8221;1800&#8243; ca_delay=&#8221;160&#8243; ca_init_translate_y=&#8221;35&#8243;]<style>.ld_fancy_heading_69d0a00734d9c h3 {margin-bottom:1.5em !important;  } .ld_fancy_heading_69d0a00734d9c .lqd-highlight-inner{height:0.275em!important;bottom:0px!important;}.ld_fancy_heading_69d0a00734d9c h3 {margin-bottom:1.5em !important;  } <\/style><div class=\"ld-fancy-heading ld_fancy_heading_69d0a00734d9c\">\n\t<h3 class=\"ld-fh-element lqd-highlight-underline lqd-highlight-grow-left text-decoration-default\"   >  Contact<\/h3><\/div>[vc_row_inner][vc_column_inner offset=&#8221;vc_col-md-10&#8243;]<style>.ld_icon_box_69d0a007357ff .iconbox-icon-container{color:rgba(0, 0, 0, 0.6);font-size:20px;border-radius:px;}.ld_icon_box_69d0a007357ff .lqd-iconbox-title{color:rgba(0, 0, 0, 0.6);margin-bottom:px;font-size:16px;}<\/style>\n<div class=\"iconbox iconbox-side text-left ld_icon_box_69d0a007357ff vc_custom_1757590871846\" id=\"ld_icon_box_69d0a007357ff\"  data-animate-icon=\"true\" data-plugin-options='{\"color\":\"rgba(0, 0, 0, 0.6)\"}'  >\n\t\n\t\t\t\t\t\n\t\n\t<div class=\"iconbox-icon-wrap\"><span class=\"iconbox-icon-container\"><i class=\"far fa-compass\"><\/i><\/span><\/div>\t\n\t\t\n\t\t\n\t\t\n\t<h3 class=\"lqd-iconbox-title font-weight-normal\">Osmangazi Mah. 3140 sok. No:8\/10 \u0130\u00e7 Kap\u0131 No:14 Esenyurt\/\u0130stanbul<\/h3>\t\t\t\n\t\t\n\t\n<\/div>\n<style>.ld_icon_box_69d0a00736190 .iconbox-icon-container{color:rgba(0, 0, 0, 0.6);font-size:18px;border-radius:px;}.ld_icon_box_69d0a00736190 .lqd-iconbox-title{color:rgba(0, 0, 0, 0.6);margin-bottom:px;font-size:16px;}<\/style>\n<div class=\"iconbox iconbox-side text-left ld_icon_box_69d0a00736190 vc_custom_1675525444822\" id=\"ld_icon_box_69d0a00736190\"  data-animate-icon=\"true\" data-plugin-options='{\"color\":\"rgba(0, 0, 0, 0.6)\"}'  >\n\t\n\t\t\t\t\t\n\t\n\t<div class=\"iconbox-icon-wrap\"><span class=\"iconbox-icon-container\"><i class=\"far fa-envelope-open\"><\/i><\/span><\/div>\t\n\t\t\n\t\t\n\t\t\n\t<h3 class=\"lqd-iconbox-title font-weight-normal\">arset@arset.com.tr<\/h3>\t\t\t\n\t\t\n\t\n<\/div>\n<style>.ld_icon_box_69d0a00736b5b .iconbox-icon-container{color:rgba(0, 0, 0, 0.6);font-size:18px;border-radius:px;}.ld_icon_box_69d0a00736b5b .lqd-iconbox-title{color:rgba(0, 0, 0, 0.6);margin-bottom:px;font-size:16px;}<\/style>\n<div class=\"iconbox iconbox-side text-left ld_icon_box_69d0a00736b5b vc_custom_1675525515021\" id=\"ld_icon_box_69d0a00736b5b\"  data-animate-icon=\"true\" data-plugin-options='{\"color\":\"rgba(0, 0, 0, 0.6)\"}'  >\n\t\n\t\t\t\t\t\n\t\n\t<div class=\"iconbox-icon-wrap\"><span class=\"iconbox-icon-container\"><i class=\"fas fa-phone\"><\/i><\/span><\/div>\t\n\t\t\n\t\t\n\t\t\n\t<h3 class=\"lqd-iconbox-title font-weight-normal\">Tel : +90 (212) 407 00 77 (Pbx)<br \/>\nFax : +90 (212) 407 01 06<br \/>\nGsm : +90 (533) 478 14 70<br \/>\nGsm : +90 (530) 967 54 00<\/h3>\t\t\t\n\t\t\n\t\n<\/div>\n[\/vc_column_inner][\/vc_row_inner]<style>.ld_button_69d0a00736f68.btn-icon-solid .btn-icon{background:rgba(0, 0, 0, 0.04);}.ld_button_69d0a00736f68.btn-icon-circle.btn-icon-ripple .btn-icon:before{border-color:rgba(0, 0, 0, 0.04);}.ld_button_69d0a00736f68.btn-icon-solid:hover .btn-icon{background:rgb(0, 0, 0);}.ld_button_69d0a00736f68{background-color:rgba(0, 0, 0, 0.04);border-color:rgba(0, 0, 0, 0.04);color:rgb(0, 0, 0);}.ld_button_69d0a00736f68:hover{background-color:rgb(0, 0, 0);border-color:rgb(0, 0, 0);color:rgb(255, 255, 255);}.ld_button_69d0a00736f68 .btn-gradient-bg-hover{background:-webkit-linear-gradient(to right, rgb(0, 0, 0) 0%, rgb(0, 0, 0) 100%);background:linear-gradient(to right, rgb(0, 0, 0) 0%, rgb(0, 0, 0) 100%);}.ld_button_69d0a00736f68 .btn-gradient-border defs stop:first-child{stop-color:rgba(0, 0, 0, 0.04);}.ld_button_69d0a00736f68 .btn-gradient-border defs stop:last-child{stop-color:rgba(0, 0, 0, 0.04);}.ld_button_69d0a00736f68:hover .btn-gradient-border defs stop:first-child{stop-color:rgb(0, 0, 0);}.ld_button_69d0a00736f68:hover .btn-gradient-border defs stop:last-child{stop-color:rgb(0, 0, 0);}.ld_button_69d0a00736f68 {font-size:15px; } .ld_button_69d0a00736f68 {line-height:1.25em; } .ld_button_69d0a00736f68 {--element-line-height:1.25em; } .ld_button_69d0a00736f68 {font-size:15px; } .ld_button_69d0a00736f68 {line-height:1.25em; } .ld_button_69d0a00736f68 {--element-line-height:1.25em; } .ld_button_69d0a00736f68 {font-size:15px; } .ld_button_69d0a00736f68 {line-height:1.25em; } .ld_button_69d0a00736f68 {--element-line-height:1.25em; } <\/style><a href=\"https:\/\/www.google.com\/maps\/dir\/\/Osmangazi,+3140.+Sk.+No:8,+34522+Esenyurt%2F%C4%B0stanbul\/@41.0218451,28.647944,12z\/data=!4m9!4m8!1m0!1m5!1m1!1s0x14b558d6de166613:0x98c7ab3ab576bef!2m2!1d28.6310113!2d41.0587502!3e0?entry=ttu&#038;g_ep=EgoyMDI1MDkwOC4wIKXMDSoASAFQAw%3D%3D\" target=\"_blank\" class=\"btn btn-solid btn-lg circle border-none btn-block btn-has-label ld_button_69d0a00736f68\" >\n\t<span>\n\t\t\n\t\t\t\t\t<span class=\"btn-txt\" data-text=\"Directions\" >Directions<\/span>\n\t\t\t\n\t\t\t\t\t<\/span>\n<\/a>\n[\/vc_column][\/vc_row]<\/p>\n","protected":false},"excerpt":{"rendered":"<p>[vc_row full_width=&#8221;stretch_row&#8221; gap=&#8221;0&#8243; css=&#8221;.vc_custom_1614778244718{padding-top: 60px !important;}&#8221;][vc_column][\/vc_column][\/vc_row][vc_row][vc_column enable_column_shadowbox=&#8221;yes&#8221; enable_content_animation=&#8221;yes&#8221; ca_init_scale_x=&#8221;1&#8243; ca_init_scale_y=&#8221;1&#8243; ca_init_opacity=&#8221;0&#8243; ca_an_scale_x=&#8221;1&#8243; ca_an_scale_y=&#8221;1&#8243; ca_an_opacity=&#8221;1&#8243; column_top_onmobile=&#8221;yes&#8221; responsive_css=&#8221;margin_top_medium:-550px|padding_right_small:45px|padding_left_small:45px&#8221; css=&#8221;.vc_custom_1606394900060{margin-top: 35px !important;padding-top: 45px !important;padding-right: 30px !important;padding-bottom: 45px !important;padding-left: 30px !important;background-color: #ffffff !important;border-radius: 10px !important;}&#8221; offset=&#8221;vc_col-lg-offset-7 vc_col-lg-5 vc_col-md-offset-6 vc_col-md-6&#8243; column_box_shadow=&#8221;%5B%7B%22x_offset%22%3A%2220px%22%2C%22y_offset%22%3A%2240px%22%2C%22blur_radius%22%3A%2260px%22%2C%22shadow_color%22%3A%22rgba(0%2C%200%2C%200%2C%200.1)%22%7D%5D&#8221; ca_duration=&#8221;1800&#8243; ca_delay=&#8221;160&#8243; ca_init_translate_y=&#8221;35&#8243;][vc_row_inner][vc_column_inner offset=&#8221;vc_col-md-10&#8243;][\/vc_column_inner][\/vc_row_inner][\/vc_column][\/vc_row]<\/p>\n","protected":false},"author":1,"featured_media":0,"parent":0,"menu_order":0,"comment_status":"closed","ping_status":"open","template":"","meta":{"inline_featured_image":false,"footnotes":""},"class_list":["post-5547","page","type-page","status-publish","hentry"],"_links":{"self":[{"href":"https:\/\/arset.com.tr\/en\/wp-json\/wp\/v2\/pages\/5547","targetHints":{"allow":["GET"]}}],"collection":[{"href":"https:\/\/arset.com.tr\/en\/wp-json\/wp\/v2\/pages"}],"about":[{"href":"https:\/\/arset.com.tr\/en\/wp-json\/wp\/v2\/types\/page"}],"author":[{"embeddable":true,"href":"https:\/\/arset.com.tr\/en\/wp-json\/wp\/v2\/users\/1"}],"replies":[{"embeddable":true,"href":"https:\/\/arset.com.tr\/en\/wp-json\/wp\/v2\/comments?post=5547"}],"version-history":[{"count":4,"href":"https:\/\/arset.com.tr\/en\/wp-json\/wp\/v2\/pages\/5547\/revisions"}],"predecessor-version":[{"id":5678,"href":"https:\/\/arset.com.tr\/en\/wp-json\/wp\/v2\/pages\/5547\/revisions\/5678"}],"wp:attachment":[{"href":"https:\/\/arset.com.tr\/en\/wp-json\/wp\/v2\/media?parent=5547"}],"curies":[{"name":"wp","href":"https:\/\/api.w.org\/{rel}","templated":true}]}}