{"id":5544,"date":"2023-01-30T22:36:38","date_gmt":"2023-01-30T19:36:38","guid":{"rendered":"https:\/\/arset.com.tr\/hakkimizda\/"},"modified":"2025-10-27T13:25:05","modified_gmt":"2025-10-27T10:25:05","slug":"about-us","status":"publish","type":"page","link":"https:\/\/arset.com.tr\/en\/about-us\/","title":{"rendered":"About Us"},"content":{"rendered":"<p>[vc_row equal_height=&#8221;yes&#8221; content_placement=&#8221;top&#8221;][vc_column width=&#8221;1\/2&#8243;][vc_column_text]<\/p>\n<p style=\"text-align: justify;\">ARSET, which takes the motto of trust and quality to itself, customer focused working system and full customer produces the most suitable solutions for its needs with the principle of satisfaction.<\/p>\n<p style=\"text-align: justify;\">While the technology developing day by day changes life in every aspect, ARSET also changes this continues to reflect with its activities. Our specialty in printing technology is medicine box, are instructions for use and various cardboard packaging. 5 million boxes per day in 15.000 m\u00b2 closed area production is made. Approximately 15,000 tons of cardboard and 750 tons of 45 gr \/ 60 gr 1st grade paper are consumed annually.<\/p>\n<p style=\"text-align: justify;\">Adopting continuous growth as a principle, stable development and high quality products ARSET, which combines with production, in the period of time since its establishment date from 1977, is proud of realizing the motto of trust and quality. It has crowned the Quality Slogan with ISO 9001: 2015, ISO 18001: 2007 and ISO 14001: 2015.<\/p>\n<p>[\/vc_column_text][\/vc_column][vc_column width=&#8221;1\/2&#8243;]<style>.ld_freakin_image_69d0b2f206514 .lqd-frickin-img-bg{background:-webkit-linear-gradient(121deg, rgb(134, 12, 40) 0%, rgb(219, 0, 50) 100%);background:linear-gradient(121deg, rgb(134, 12, 40) 0%, rgb(219, 0, 50) 100%);}<\/style><div id=\"ld_freakin_image_69d0b2f206514\" class=\"lqd-frickin-img ld_freakin_image_69d0b2f206514\" data-inview=\"true\" data-inview-options='{ \"delayTime\": 250, \"threshold\": 0.75 }'>\n\t<div class=\"lqd-frickin-img-inner\">\n\n\t\t<span class=\"lqd-frickin-img-bg\"><\/span><!-- \/.lqd-frickin-img-bg -->\n\t\t<div class=\"lqd-frickin-img-holder\"><figure><img decoding=\"async\" width=\"2000\" height=\"1500\" src=\"https:\/\/arset.com.tr\/wp-content\/uploads\/2025\/09\/arset-yeni-bina-2.jpg\" class=\"attachment-full size-full\" alt=\"\" srcset=\"https:\/\/arset.com.tr\/wp-content\/uploads\/2025\/09\/arset-yeni-bina-2.jpg 2000w, https:\/\/arset.com.tr\/wp-content\/uploads\/2025\/09\/arset-yeni-bina-2-300x225.jpg 300w, https:\/\/arset.com.tr\/wp-content\/uploads\/2025\/09\/arset-yeni-bina-2-1024x768.jpg 1024w\" sizes=\"(max-width: 2000px) 100vw, 2000px\" itemprop=\"image\" \/><\/figure><\/div>\n\t<\/div><!-- \/.lqd-frickin-img-inner -->\n<\/div><!-- \/.lqd-frickin-img -->[\/vc_column][\/vc_row][vc_row css=&#8221;.vc_custom_1675421821025{padding-top: 80px !important;padding-bottom: 80px !important;}&#8221;][vc_column]<style>.ld_fancy_heading_69d0b2f206b47 h3 {margin-bottom:30px !important;  } .ld_fancy_heading_69d0b2f206b47 .lqd-highlight-inner{height:0.275em!important;bottom:0px!important;}.ld_fancy_heading_69d0b2f206b47 h3 {margin-bottom:30px !important;  } <\/style><div class=\"ld-fancy-heading ld_fancy_heading_69d0b2f206b47\">\n\t<h3 class=\"ld-fh-element lqd-highlight-underline lqd-highlight-grow-left text-decoration-default\"   >  Our Certificates<\/h3><\/div>[vc_row_inner][vc_column_inner enable_link=&#8221;enable_column_link&#8221; enable_hover_move=&#8221;lqd-column-move-onhover&#8221; width=&#8221;1\/6&#8243; link=&#8221;url:https%3A%2F%2Farset.com.tr%2Fwp-content%2Fuploads%2F2023%2F02%2FBRCGS-Certificate-Arset-Matbaacilik-2023.pdf||target:%20_blank|&#8221; offset=&#8221;vc_col-xs-6&#8243; css=&#8221;.vc_custom_1675540674464{margin-bottom: 40px !important;}&#8221;][vc_single_image image=&#8221;5181&#8243; style=&#8221;vc_box_shadow&#8221;]<style>.ld_fancy_heading_69d0b2f207760 .lqd-highlight-inner{height:0.275em!important;bottom:0px!important;}<\/style><div class=\"ld-fancy-heading text-center ld_fancy_heading_69d0b2f207760\">\n\t<p class=\"ld-fh-element lqd-highlight-underline lqd-highlight-grow-left text-decoration-default\"   >  BRCGS Packaging Materials<\/p><\/div>[\/vc_column_inner][vc_column_inner enable_link=&#8221;enable_column_link&#8221; enable_hover_move=&#8221;lqd-column-move-onhover&#8221; width=&#8221;1\/6&#8243; link=&#8221;url:https%3A%2F%2Farset.com.tr%2Fwp-content%2Fuploads%2F2023%2F02%2FISO-9001-2015-ARSET-BELGE-07.01.2024-VADE.pdf||target:%20_blank|&#8221; offset=&#8221;vc_col-xs-6&#8243; css=&#8221;.vc_custom_1675540680180{margin-bottom: 40px !important;}&#8221;][vc_single_image image=&#8221;5182&#8243; style=&#8221;vc_box_shadow&#8221;]<style>.ld_fancy_heading_69d0b2f2080aa .lqd-highlight-inner{height:0.275em!important;bottom:0px!important;}<\/style><div class=\"ld-fancy-heading text-center ld_fancy_heading_69d0b2f2080aa\">\n\t<p class=\"ld-fh-element lqd-highlight-underline lqd-highlight-grow-left text-decoration-default\"   >  ISO 9001:2015<\/p><\/div>[\/vc_column_inner][vc_column_inner enable_link=&#8221;enable_column_link&#8221; enable_hover_move=&#8221;lqd-column-move-onhover&#8221; width=&#8221;1\/6&#8243; link=&#8221;url:https%3A%2F%2Farset.com.tr%2Fwp-content%2Fuploads%2F2023%2F02%2FISO-10002-2018-ARSET-BELGE-10.01.2024-VADE.pdf||target:%20_blank|&#8221; offset=&#8221;vc_col-xs-6&#8243; css=&#8221;.vc_custom_1675540686710{margin-bottom: 40px !important;}&#8221;][vc_single_image image=&#8221;5183&#8243; style=&#8221;vc_box_shadow&#8221;]<style>.ld_fancy_heading_69d0b2f208435 .lqd-highlight-inner{height:0.275em!important;bottom:0px!important;}<\/style><div class=\"ld-fancy-heading text-center ld_fancy_heading_69d0b2f208435\">\n\t<p class=\"ld-fh-element lqd-highlight-underline lqd-highlight-grow-left text-decoration-default\"   >  ISO 10002:2018<\/p><\/div>[\/vc_column_inner][vc_column_inner enable_link=&#8221;enable_column_link&#8221; enable_hover_move=&#8221;lqd-column-move-onhover&#8221; width=&#8221;1\/6&#8243; link=&#8221;url:https%3A%2F%2Farset.com.tr%2Fwp-content%2Fuploads%2F2023%2F02%2FISO-14001-2015-ARSET-BELGE-07.01.2024-VADE.pdf||target:%20_blank|&#8221; offset=&#8221;vc_col-xs-6&#8243; css=&#8221;.vc_custom_1675540693678{margin-bottom: 40px !important;}&#8221;][vc_single_image image=&#8221;5184&#8243; style=&#8221;vc_box_shadow&#8221;]<style>.ld_fancy_heading_69d0b2f208631 .lqd-highlight-inner{height:0.275em!important;bottom:0px!important;}<\/style><div class=\"ld-fancy-heading text-center ld_fancy_heading_69d0b2f208631\">\n\t<p class=\"ld-fh-element lqd-highlight-underline lqd-highlight-grow-left text-decoration-default\"   >  ISO 14001:2015<\/p><\/div>[\/vc_column_inner][vc_column_inner enable_link=&#8221;enable_column_link&#8221; enable_hover_move=&#8221;lqd-column-move-onhover&#8221; width=&#8221;1\/6&#8243; link=&#8221;url:https%3A%2F%2Farset.com.tr%2Fwp-content%2Fuploads%2F2023%2F02%2FISO-22000-2018-ARSET-BELGE-18.01.2024-VADE.pdf||target:%20_blank|&#8221; offset=&#8221;vc_col-xs-6&#8243; css=&#8221;.vc_custom_1675540699698{margin-bottom: 40px !important;}&#8221;][vc_single_image image=&#8221;5185&#8243; style=&#8221;vc_box_shadow&#8221;]<style>.ld_fancy_heading_69d0b2f20880c .lqd-highlight-inner{height:0.275em!important;bottom:0px!important;}<\/style><div class=\"ld-fancy-heading text-center ld_fancy_heading_69d0b2f20880c\">\n\t<p class=\"ld-fh-element lqd-highlight-underline lqd-highlight-grow-left text-decoration-default\"   >  ISO 22000:2018<\/p><\/div>[\/vc_column_inner][vc_column_inner enable_link=&#8221;enable_column_link&#8221; enable_hover_move=&#8221;lqd-column-move-onhover&#8221; width=&#8221;1\/6&#8243; link=&#8221;url:https%3A%2F%2Farset.com.tr%2Fwp-content%2Fuploads%2F2023%2F02%2FISO-45001-2018-ARSET-BELGE-07.01.2024-VADE.pdf||target:%20_blank|&#8221; offset=&#8221;vc_col-xs-6&#8243; css=&#8221;.vc_custom_1675540704761{margin-bottom: 40px !important;}&#8221;][vc_single_image image=&#8221;5186&#8243; style=&#8221;vc_box_shadow&#8221;]<style>.ld_fancy_heading_69d0b2f208a0e .lqd-highlight-inner{height:0.275em!important;bottom:0px!important;}<\/style><div class=\"ld-fancy-heading text-center ld_fancy_heading_69d0b2f208a0e\">\n\t<p class=\"ld-fh-element lqd-highlight-underline lqd-highlight-grow-left text-decoration-default\"   >  ISO 45001:2018<\/p><\/div>[\/vc_column_inner][\/vc_row_inner][\/vc_column][\/vc_row][vc_row equal_height=&#8221;yes&#8221; content_placement=&#8221;middle&#8221; bg_position=&#8221;center bottom&#8221; css=&#8221;.vc_custom_1675406800228{padding-bottom: 70px !important;background-image: url(https:\/\/arset.com.tr\/wp-content\/uploads\/2023\/02\/bg-1.svg?id=5079) !important;background-position: 0 0 !important;background-repeat: no-repeat !important;}&#8221; responsive_css=&#8221;padding_top_medium:70px|padding_bottom_medium:70px&#8221;][vc_column width=&#8221;2\/5&#8243;][vc_row_inner equal_height=&#8221;yes&#8221; gap=&#8221;0&#8243; css=&#8221;.vc_custom_1675407298034{background-color: #ffffff !important;border-radius: 10px !important;}&#8221; responsive_css=&#8221;padding_top_large:30px|padding_bottom_large:30px|margin_right_medium:-5%25&#8243;][vc_column_inner]<style>.ld_counter_69d0b2f208b8a .lqd-counter-element{font-size:30px;margin-bottom:1px;}.ld_counter_69d0b2f208b8a .lqd-text-bottom{font-size:14px;}.ld_counter_69d0b2f208b8a{color:rgb(219, 0, 50);}.ld_counter_69d0b2f208b8a .lqd-counter-text{color:rgb(0, 0, 0);}<\/style><div id=\"ld_counter_69d0b2f208b8a\" class=\"lqd-counter lqd-counter-solid p-4 px-sm-5 text-left ld_counter_69d0b2f208b8a\">\n\n\t\t\t<span class=\"lqd-counter-overlay-bg lqd-overlay\"><\/span>\n\t\n\t<div class=\"lqd-counter-element h2\" data-enable-counter=\"true\" data-counter-options='{\"targetNumber\":\"47\"}'>\n\t\t<span>47<\/span>\t<\/div><!-- \/.lqd-counter-element -->\n\n\t<span class=\"lqd-counter-text lqd-text-bottom h2\">Years of Experience<\/span>\t<span class=\"lqd-counter-icon\"><i class=\"lqd-icn-ess icon-lqd-feather\"><\/i><\/span>\n<\/div><!-- \/.lqd-counter lqd-counter-huge --><style>.ld_counter_69d0b2f208cd5 .lqd-counter-element{font-size:30px;margin-bottom:1px;}.ld_counter_69d0b2f208cd5 .lqd-text-bottom{font-size:14px;}.ld_counter_69d0b2f208cd5{color:rgb(219, 0, 50);}.ld_counter_69d0b2f208cd5 .lqd-counter-text{color:rgb(0, 0, 0);}<\/style><div id=\"ld_counter_69d0b2f208cd5\" class=\"lqd-counter lqd-counter-solid p-4 px-sm-5 text-left ld_counter_69d0b2f208cd5\">\n\n\t\t\t<span class=\"lqd-counter-overlay-bg lqd-overlay\"><\/span>\n\t\n\t<div class=\"lqd-counter-element h2\" data-enable-counter=\"true\" data-counter-options='{\"targetNumber\":\"15000\",\"startDelay\":\"250\"}'>\n\t\t<span>15000<\/span>\t<\/div><!-- \/.lqd-counter-element -->\n\n\t<span class=\"lqd-counter-text lqd-text-bottom h2\">m\u00b2 Production Area<\/span>\t<span class=\"lqd-counter-icon\"><i class=\"lqd-icn-ess icon-lqd-stack\"><\/i><\/span>\n<\/div><!-- \/.lqd-counter lqd-counter-huge --><style>.ld_counter_69d0b2f208dc7 .lqd-counter-element{font-size:30px;margin-bottom:1px;}.ld_counter_69d0b2f208dc7 .lqd-text-bottom{font-size:14px;}.ld_counter_69d0b2f208dc7{color:rgb(219, 0, 50);}.ld_counter_69d0b2f208dc7 .lqd-counter-text{color:rgb(0, 0, 0);}<\/style><div id=\"ld_counter_69d0b2f208dc7\" class=\"lqd-counter lqd-counter-solid p-4 px-sm-5 text-left ld_counter_69d0b2f208dc7\">\n\n\t\t\t<span class=\"lqd-counter-overlay-bg lqd-overlay\"><\/span>\n\t\n\t<div class=\"lqd-counter-element h2\" data-enable-counter=\"true\" data-counter-options='{\"targetNumber\":\"211\",\"startDelay\":\"500\"}'>\n\t\t<span>211<\/span>\t<\/div><!-- \/.lqd-counter-element -->\n\n\t<span class=\"lqd-counter-text lqd-text-bottom h2\">Happy Employee<\/span>\t<span class=\"lqd-counter-icon\"><i class=\"lqd-icn-ess icon-lqd-user\"><\/i><\/span>\n<\/div><!-- \/.lqd-counter lqd-counter-huge --><style>.ld_counter_69d0b2f208eaf .lqd-counter-element{font-size:30px;margin-bottom:1px;}.ld_counter_69d0b2f208eaf .lqd-text-bottom{font-size:14px;}.ld_counter_69d0b2f208eaf{color:rgb(219, 0, 50);}.ld_counter_69d0b2f208eaf .lqd-counter-text{color:rgb(0, 0, 0);}<\/style><div id=\"ld_counter_69d0b2f208eaf\" class=\"lqd-counter lqd-counter-solid p-4 px-sm-5 text-left ld_counter_69d0b2f208eaf\">\n\n\t\t\t<span class=\"lqd-counter-overlay-bg lqd-overlay\"><\/span>\n\t\n\t<div class=\"lqd-counter-element h2\" data-enable-counter=\"true\" data-counter-options='{\"targetNumber\":\"1500\",\"startDelay\":\"500\"}'>\n\t\t<span>1500<\/span>\t<\/div><!-- \/.lqd-counter-element -->\n\n\t<span class=\"lqd-counter-text lqd-text-bottom h2\">Tons Monthly Production<\/span>\t<span class=\"lqd-counter-icon\"><i class=\"lqd-icn-ess icon-lqd-atom\"><\/i><\/span>\n<\/div><!-- \/.lqd-counter lqd-counter-huge -->[\/vc_column_inner][\/vc_row_inner][\/vc_column][vc_column width=&#8221;3\/5&#8243; css=&#8221;.vc_custom_1675420991550{padding-left: 15% !important;}&#8221; offset=&#8221;vc_hidden-xs&#8221;]<style>.ld_icon_box_circle_69d0b2f208f98 .one-ib-circ-icn span:before{background:rgb(204, 0, 0);}<\/style><div id=\"ld_icon_box_circle_69d0b2f208f98\" class=\"one-ib-circ ld_icon_box_circle_69d0b2f208f98\" data-spread-incircle=\"true\" data-hover3d=\"true\">\n\t<div class=\"one-ib-circ-wrap\" data-stacking-factor=\"0.95\">\n\t\t<div class=\"one-ib-circ-inner\">\n\t\t\t<div class=\"one-ib-circ-item\">\n\n\t<div class=\"one-ib-circ-icn\"><span><i class=\"far fa-grin\"><\/i><\/span><\/div>\t\n\t<div class=\"one-ib-circ-cnt\">\n\n\t\t<h3>Customer Relationship<\/h3>\t\t<hr><p><span style=\"font-size: 12px;\">Arset Matbaac\u0131l\u0131k San. ve Tic. Inc. experience as, to develop in line with the invariable combination of service, talent and business solutions. continues. Creating the best value by using the resources in the most efficient way to deliver our customers&#8217; projects on time. Equipment used targeting the best service with experienced and technical personnel to systems and systems<\/span><\/p>\n<p><span style=\"font-size: 12px;\">In order to offer the best and most suitable solutions to customer needs, we demonstrate our performance and traceability to provide service, to work as our client&#8217;s partner during the project.<\/span><\/p>\n\n\t<\/div><!-- \/.one-ib-circ-cnt -->\n\n<\/div><!-- \/.one-ib-circ-item -->\n<div class=\"one-ib-circ-item\">\n\n\t<div class=\"one-ib-circ-icn\"><span><i class=\"fas fa-certificate\"><\/i><\/span><\/div>\t\n\t<div class=\"one-ib-circ-cnt\">\n\n\t\t<h3>Our Quality Policy<\/h3>\t\t<hr><p><span style=\"font-size: 12px;\">Arset Matbaac\u0131l\u0131k Sanayi ve Ticaret A.\u015e. With the joint participation of its expert and trained personnel, developing technology taking into account today&#8217;s and future expectations parallel to continuous renewal, complying with laws and regulations, human health and giving importance to his life, by applying a quality management model, We aim to be a company that increases trust and differentiates its sector.<\/span><br \/>\n<span style=\"font-size: 12px;\">By producing quality, reliable, fast and timely production with all our employees, is our first goal.<\/span><\/p>\n\n\t<\/div><!-- \/.one-ib-circ-cnt -->\n\n<\/div><!-- \/.one-ib-circ-item -->\n<div class=\"one-ib-circ-item\">\n\n\t<div class=\"one-ib-circ-icn\"><span><i class=\"fas fa-leaf\"><\/i><\/span><\/div>\t\n\t<div class=\"one-ib-circ-cnt\">\n\n\t\t<h3>Our Environmental Policy<\/h3>\t\t<hr><p><span style=\"font-size: 12px;\">Arset Matbaac\u0131l\u0131k San. ve Tic. Inc. management of our products \/ services their interaction with the environment at all stages from design to delivery to the customer revised, to be done to minimize the negative effects on the environment It has set this policy to be a framework. The basic principles of our Environmental Policy prepared in this direction are as follows; To continuously improve our environmental performance in order to prevent environmental pollution, To ensure the highest level of recycling of all our wastes,<\/span><br \/>\n<span style=\"font-size: 12px;\">Our organization, with the activities it will carry out in the light of these principles, He will do his part for the world that will be left to the future.<\/span><\/p>\n\n\t<\/div><!-- \/.one-ib-circ-cnt -->\n\n<\/div><!-- \/.one-ib-circ-item -->\n<div class=\"one-ib-circ-item\">\n\n\t<div class=\"one-ib-circ-icn\"><span><i class=\"fas fa-shield-alt\"><\/i><\/span><\/div>\t\n\t<div class=\"one-ib-circ-cnt\">\n\n\t\t<h3>Our Occupational Health and Safety Policy<\/h3>\t\t<hr><p><span style=\"font-size: 12px;\">National on Occupational Health and Safety issues and international laws and regulations, acting in line with the requirements,<\/span><br \/>\n<span style=\"font-size: 12px;\">Occupational Health and Safety issues in order to prevent injuries and occupational diseases. to evaluate all risks and take protective measures,<\/span><br \/>\n<span style=\"font-size: 12px;\">To realize the continuous development of the Occupational Health and Safety Management system with the participation of all our employees and ensuring that employees receive the necessary training.<\/span><\/p>\n\n\t<\/div><!-- \/.one-ib-circ-cnt -->\n\n<\/div><!-- \/.one-ib-circ-item -->\n\t\t<\/div><!-- \/.one-ib-circ-inner -->\n\t<\/div><!-- \/.one-ib-circ-wrap -->\n<\/div><!-- \/.one-ib-circ -->[\/vc_column][\/vc_row]<\/p>\n","protected":false},"excerpt":{"rendered":"<p>[vc_row equal_height=&#8221;yes&#8221; content_placement=&#8221;top&#8221;][vc_column width=&#8221;1\/2&#8243;][vc_column_text] ARSET, which takes the motto of trust and quality to itself, customer focused working system and full customer produces the most suitable solutions for its needs with the principle of satisfaction. While the technology developing day by day changes life in every aspect, ARSET also changes this continues to reflect with [&hellip;]<\/p>\n","protected":false},"author":1,"featured_media":0,"parent":0,"menu_order":0,"comment_status":"closed","ping_status":"open","template":"","meta":{"inline_featured_image":false,"footnotes":""},"class_list":["post-5544","page","type-page","status-publish","hentry"],"_links":{"self":[{"href":"https:\/\/arset.com.tr\/en\/wp-json\/wp\/v2\/pages\/5544","targetHints":{"allow":["GET"]}}],"collection":[{"href":"https:\/\/arset.com.tr\/en\/wp-json\/wp\/v2\/pages"}],"about":[{"href":"https:\/\/arset.com.tr\/en\/wp-json\/wp\/v2\/types\/page"}],"author":[{"embeddable":true,"href":"https:\/\/arset.com.tr\/en\/wp-json\/wp\/v2\/users\/1"}],"replies":[{"embeddable":true,"href":"https:\/\/arset.com.tr\/en\/wp-json\/wp\/v2\/comments?post=5544"}],"version-history":[{"count":6,"href":"https:\/\/arset.com.tr\/en\/wp-json\/wp\/v2\/pages\/5544\/revisions"}],"predecessor-version":[{"id":5706,"href":"https:\/\/arset.com.tr\/en\/wp-json\/wp\/v2\/pages\/5544\/revisions\/5706"}],"wp:attachment":[{"href":"https:\/\/arset.com.tr\/en\/wp-json\/wp\/v2\/media?parent=5544"}],"curies":[{"name":"wp","href":"https:\/\/api.w.org\/{rel}","templated":true}]}}